{"id":2842,"date":"2019-01-11T11:00:40","date_gmt":"2019-01-11T09:00:40","guid":{"rendered":"https:\/\/sailing-santorini.com\/about-us\/"},"modified":"2022-06-17T09:32:49","modified_gmt":"2022-06-17T07:32:49","slug":"about-us","status":"publish","type":"page","link":"https:\/\/sailing-santorini.com\/fr\/about-us\/","title":{"rendered":"A Propos"},"content":{"rendered":"\r\n<p>Compagnie sp\u00e9cialiste en location de yachts \u00e0 Oia Santorin<\/p>\r\n<p>La Compagnie de location de yachts \u2018Sunset Oia\u2019 \u00e0 Oia de Santorin dispose d\u2019une grande gamme de yachts de luxe, des yachts \u00e0 moteur et voiliers, offrant une exp\u00e9rience de navigation inoubliable, autour de l\u2019\u00eele captivante de Santorin, en Gr\u00e8ce. Sunset Oia offre des croisi\u00e8res avec skipper en petit groupe ou en priv\u00e9.<\/p>\r\n","protected":false},"excerpt":{"rendered":"<p>Compagnie sp\u00e9cialiste en location de yachts \u00e0 Oia Santorin La Compagnie de location de yachts \u2018Sunset Oia\u2019 \u00e0 Oia de Santorin dispose d\u2019une grande gamme de yachts de luxe, des yachts \u00e0 moteur et voiliers, offrant une exp\u00e9rience de navigation&hellip;<\/p>\n","protected":false},"author":1,"featured_media":0,"parent":0,"menu_order":0,"comment_status":"closed","ping_status":"closed","template":"kobo\/about.php","meta":{"_acf_changed":false,"footnotes":""},"class_list":["post-2842","page","type-page","status-publish","hentry","entry","no-media"],"acf":[],"aioseo_notices":[],"_links":{"self":[{"href":"https:\/\/sailing-santorini.com\/fr\/wp-json\/wp\/v2\/pages\/2842","targetHints":{"allow":["GET"]}}],"collection":[{"href":"https:\/\/sailing-santorini.com\/fr\/wp-json\/wp\/v2\/pages"}],"about":[{"href":"https:\/\/sailing-santorini.com\/fr\/wp-json\/wp\/v2\/types\/page"}],"author":[{"embeddable":true,"href":"https:\/\/sailing-santorini.com\/fr\/wp-json\/wp\/v2\/users\/1"}],"replies":[{"embeddable":true,"href":"https:\/\/sailing-santorini.com\/fr\/wp-json\/wp\/v2\/comments?post=2842"}],"version-history":[{"count":0,"href":"https:\/\/sailing-santorini.com\/fr\/wp-json\/wp\/v2\/pages\/2842\/revisions"}],"wp:attachment":[{"href":"https:\/\/sailing-santorini.com\/fr\/wp-json\/wp\/v2\/media?parent=2842"}],"curies":[{"name":"wp","href":"https:\/\/api.w.org\/{rel}","templated":true}]}}