{"id":2838,"date":"2019-01-11T11:01:20","date_gmt":"2019-01-11T09:01:20","guid":{"rendered":"https:\/\/sailing-santorini.com\/weddings\/"},"modified":"2020-07-24T10:26:03","modified_gmt":"2020-07-24T08:26:03","slug":"weddings","status":"publish","type":"page","link":"https:\/\/sailing-santorini.com\/fr\/weddings\/","title":{"rendered":"Mariages"},"content":{"rendered":"\n<p>Santorin est consid\u00e9r\u00e9 comme l\u2019\u00eele la plus romantique pour les amoureux et les nouveaux mari\u00e9s qui la choisissent pour relaxer et c\u00e9l\u00e9brer leur amour. Louer un yacht est une id\u00e9e g\u00e9niale pour l\u2019organisation de la r\u00e9ception de mariage ou de la f\u00eate de mariage. Le couple et les invit\u00e9s succombent au charme du coucher du soleil depuis la mer.<\/p>\n\n\n\n<p>Les couples partagent, avec la famille et les amis, le moment le plus important de leur vie commune, sur un yacht luxueux en privatif. Organiser votre r\u00e9ception de mariage sur la mer, est une id\u00e9e qui sort de l\u2019ordinaire et peut se r\u00e9aliser \u00e0 Santorin.<\/p>\n\n\n\n<p>La compagnie Sunset Oia est le sp\u00e9cialiste sur l\u2019organisation des \u00e9v\u00e9nements sp\u00e9ciaux, exigeants et plein de glamour, qui ont lieu sur les yachts de la flotte. Professionnalisme, services de premi\u00e8re classe et prix doux pour la f\u00eate de vos r\u00eaves.<\/p>\n","protected":false},"excerpt":{"rendered":"<p>Santorin est consid\u00e9r\u00e9 comme l\u2019\u00eele la plus romantique pour les amoureux et les nouveaux mari\u00e9s qui la choisissent pour relaxer et c\u00e9l\u00e9brer leur amour. Louer un yacht est une id\u00e9e g\u00e9niale pour l\u2019organisation de la r\u00e9ception de mariage ou de&hellip;<\/p>\n","protected":false},"author":1,"featured_media":0,"parent":0,"menu_order":0,"comment_status":"closed","ping_status":"closed","template":"kobo\/weddings.php","meta":{"_acf_changed":false,"footnotes":""},"class_list":["post-2838","page","type-page","status-publish","hentry","entry","no-media"],"acf":[],"aioseo_notices":[],"_links":{"self":[{"href":"https:\/\/sailing-santorini.com\/fr\/wp-json\/wp\/v2\/pages\/2838","targetHints":{"allow":["GET"]}}],"collection":[{"href":"https:\/\/sailing-santorini.com\/fr\/wp-json\/wp\/v2\/pages"}],"about":[{"href":"https:\/\/sailing-santorini.com\/fr\/wp-json\/wp\/v2\/types\/page"}],"author":[{"embeddable":true,"href":"https:\/\/sailing-santorini.com\/fr\/wp-json\/wp\/v2\/users\/1"}],"replies":[{"embeddable":true,"href":"https:\/\/sailing-santorini.com\/fr\/wp-json\/wp\/v2\/comments?post=2838"}],"version-history":[{"count":0,"href":"https:\/\/sailing-santorini.com\/fr\/wp-json\/wp\/v2\/pages\/2838\/revisions"}],"wp:attachment":[{"href":"https:\/\/sailing-santorini.com\/fr\/wp-json\/wp\/v2\/media?parent=2838"}],"curies":[{"name":"wp","href":"https:\/\/api.w.org\/{rel}","templated":true}]}}