{"id":2833,"date":"2019-10-28T09:48:10","date_gmt":"2019-10-28T07:48:10","guid":{"rendered":"https:\/\/sailing-santorini.com\/multi-day-yacht-charter\/"},"modified":"2020-07-25T12:35:52","modified_gmt":"2020-07-25T10:35:52","slug":"multi-day-yacht-charter","status":"publish","type":"page","link":"https:\/\/sailing-santorini.com\/fr\/multi-day-yacht-charter\/","title":{"rendered":"LOCATION DE YACHTS SUR PLUSIEURS JOURS"},"content":{"rendered":"\n<p class=\"has-text-align-left\">Louez le yacht luxueux de vos r\u00eaves, avec skipper, aupr\u00e8s de la compagnie Sunset Oia. Nous cr\u00e9ons, pour vous, un circuit organis\u00e9 de plusieurs jours, dans les Cyclades. Nous sommes \u00e0 votre \u00e9coute, afin de concocter une croisi\u00e8re d\u2019\u00eele en \u00eele, sur mesure, selon vos envies. Vivez une exp\u00e9rience sans pr\u00e9c\u00e8dent, pour combler votre envie de libert\u00e9, d\u2019\u00e9vasion et de d\u00e9couverte des \u00eeles de la mer Eg\u00e9e.<\/p>\n\n\n\n<p>D\u00e9marrez votre circuit depuis Santorin et partez \u00e0 la d\u00e9couverte du groupe d\u2019\u00eeles des Cyclades.<\/p>\n\n\n\n<p>Embarquez \u00e0 bord, d\u2019un catamaran de luxe, Lagoon 620, qui est la quintessence de la modernit\u00e9, en termes de confort, de stabilit\u00e9 et de s\u00e9curit\u00e9. Une \u00abmaison\u00bb de luxe \u00e0 voile vous emm\u00e8ne jusqu\u2019aux Koufonissia, les \u00eeles paradisiaques des Cyclades et jusqu\u2019\u00e0 D\u00e9los, l\u2019\u00eele sacr\u00e9e de l\u2019antiquit\u00e9, pour arriver apr\u00e8s \u00e0 Mykonos, c\u00e9l\u00e8bre pour sa vie nocturne.<\/p>\n\n\n\n<p>Laissez-vous tenter par cette aventure \u00e0 la grecque, \u00e0 l\u2019\u00e9cart des foules, tout en \u00e9tant choy\u00e9s par les services de premi\u00e8re classe du capitaine exp\u00e9riment\u00e9 et de l\u2019\u00e9quipage. Notre \u00e9quipe est \u00e0 votre \u00e9coute pour la r\u00e9alisation de la croisi\u00e8re sur-mesure, de vos r\u00eaves.<\/p>\n","protected":false},"excerpt":{"rendered":"<p>Louez le yacht luxueux de vos r\u00eaves, avec skipper, aupr\u00e8s de la compagnie Sunset Oia. Nous cr\u00e9ons, pour vous, un circuit organis\u00e9 de plusieurs jours, dans les Cyclades. Nous sommes \u00e0 votre \u00e9coute, afin de concocter une croisi\u00e8re d\u2019\u00eele en&hellip;<\/p>\n","protected":false},"author":1,"featured_media":0,"parent":0,"menu_order":0,"comment_status":"closed","ping_status":"closed","template":"kobo\/yathcharter.php","meta":{"_acf_changed":false,"footnotes":""},"class_list":["post-2833","page","type-page","status-publish","hentry","entry","no-media"],"acf":[],"aioseo_notices":[],"_links":{"self":[{"href":"https:\/\/sailing-santorini.com\/fr\/wp-json\/wp\/v2\/pages\/2833","targetHints":{"allow":["GET"]}}],"collection":[{"href":"https:\/\/sailing-santorini.com\/fr\/wp-json\/wp\/v2\/pages"}],"about":[{"href":"https:\/\/sailing-santorini.com\/fr\/wp-json\/wp\/v2\/types\/page"}],"author":[{"embeddable":true,"href":"https:\/\/sailing-santorini.com\/fr\/wp-json\/wp\/v2\/users\/1"}],"replies":[{"embeddable":true,"href":"https:\/\/sailing-santorini.com\/fr\/wp-json\/wp\/v2\/comments?post=2833"}],"version-history":[{"count":0,"href":"https:\/\/sailing-santorini.com\/fr\/wp-json\/wp\/v2\/pages\/2833\/revisions"}],"wp:attachment":[{"href":"https:\/\/sailing-santorini.com\/fr\/wp-json\/wp\/v2\/media?parent=2833"}],"curies":[{"name":"wp","href":"https:\/\/api.w.org\/{rel}","templated":true}]}}